{"id":1833,"date":"2025-02-24T12:51:41","date_gmt":"2025-02-24T12:51:41","guid":{"rendered":"https:\/\/rubiautomotive.com\/business-ethics-2\/"},"modified":"2025-07-11T08:43:56","modified_gmt":"2025-07-11T08:43:56","slug":"business-ethics-2","status":"publish","type":"page","link":"https:\/\/rubiautomotive.com\/en\/business-ethics-2\/","title":{"rendered":"Business ethics"},"content":{"rendered":"[vc_row type=&#8221;in_container&#8221; full_screen_row_position=&#8221;middle&#8221; column_margin=&#8221;default&#8221; column_direction=&#8221;default&#8221; column_direction_tablet=&#8221;default&#8221; column_direction_phone=&#8221;default&#8221; scene_position=&#8221;center&#8221; text_color=&#8221;dark&#8221; text_align=&#8221;left&#8221; row_border_radius=&#8221;none&#8221; row_border_radius_applies=&#8221;bg&#8221; overflow=&#8221;visible&#8221; overlay_strength=&#8221;0.3&#8243; gradient_direction=&#8221;left_to_right&#8221; shape_divider_position=&#8221;bottom&#8221; bg_image_animation=&#8221;none&#8221;][vc_column column_padding=&#8221;no-extra-padding&#8221; column_padding_tablet=&#8221;inherit&#8221; column_padding_phone=&#8221;inherit&#8221; column_padding_position=&#8221;all&#8221; column_element_direction_desktop=&#8221;default&#8221; column_element_spacing=&#8221;default&#8221; desktop_text_alignment=&#8221;default&#8221; tablet_text_alignment=&#8221;default&#8221; phone_text_alignment=&#8221;default&#8221; background_color_opacity=&#8221;1&#8243; background_hover_color_opacity=&#8221;1&#8243; column_backdrop_filter=&#8221;none&#8221; column_shadow=&#8221;none&#8221; column_border_radius=&#8221;none&#8221; column_link_target=&#8221;_self&#8221; column_position=&#8221;default&#8221; gradient_direction=&#8221;left_to_right&#8221; overlay_strength=&#8221;0.3&#8243; width=&#8221;1\/1&#8243; tablet_width_inherit=&#8221;default&#8221; animation_type=&#8221;default&#8221; bg_image_animation=&#8221;none&#8221; border_type=&#8221;simple&#8221; column_border_width=&#8221;none&#8221; column_border_style=&#8221;solid&#8221;][vc_column_text css=&#8221;&#8221; text_direction=&#8221;default&#8221;]\n<h1>Business ethics<\/h1>\n[\/vc_column_text][vc_column_text css=&#8221;&#8221; text_direction=&#8221;default&#8221;]IPM RUBI expects all Group employees and suppliers to contribute by example to the ethical management of the Group, of which they are the main ambassadors. They are therefore urged to respect the values and principles of the Code of Ethics. Strictly abide by the applicable laws and regulations, and in particular:[\/vc_column_text][vc_column_text css=&#8221;&#8221; text_direction=&#8221;default&#8221;]\n&#13;\n<ul>&#13;\n \t<li>Aplicar rigurosamente las reglas decretadas en materia de protecci\u00f3n de la salud, de la seguridad y de preservaci\u00f3n del medioambiente.<\/li>&#13;\n \t<li>Establecer v\u00ednculos claros y honestos con clientes, proveedores y socios.<\/li>&#13;\n \t<li>Respetar la confidencialidad de la informaci\u00f3n profesional.<\/li>&#13;\n \t<li>Ser leales e \u00edntegros hacia IPM RUBI y evitar situaciones de conflictos de intereses y la manipulaci\u00f3n o divulgaci\u00f3n de informaci\u00f3n privilegiada.<\/li>&#13;\n \t<li>No intervenir en la vida pol\u00edtica de los pa\u00edses en los cuales no tienen derechos c\u00edvicos.<\/li>&#13;\n \t<li>Velar por la calidad de las relaciones humanas en el seno de los equipos de trabajo.<\/li>&#13;\n<\/ul>&#13;\n[\/vc_column_text][vc_column_text css=&#8221;&#8221; text_direction=&#8221;default&#8221;]&#13;\n<h4 class=\"wp-block-heading\">How to proceed?<\/h4>&#13;\n[\/vc_column_text][vc_column_text css=&#8221;&#8221; text_direction=&#8221;default&#8221;]Todas aquellas actuaciones sospechosas o aparentemente irregulares que puedan revestir una falta contra el c\u00f3digo \u00e9tico deben ser comunicadas de forma clara y suficiente a la direcci\u00f3n de correo electr\u00f3nico <a href=\"mailto:cumplimientoetico@ipmrubi.es\">cumplimientoetico@ipmrubi.es<\/a>, con la correspondiente identificaci\u00f3n del remitente. Por la RGPD y la LOPD, las comunicaciones en esta v\u00eda no pueden ser an\u00f3nimas, pero IPM RUBI garantiza un tratamiento confidencial de la informaci\u00f3n como del informante.&#13;\n<ul>&#13;\n \t<li>De compra responsable de materias primas.<\/li>&#13;\n<\/ul>&#13;\nConsideradas como tales para la actividad econ\u00f3mica de nuestro grupo el acero y el aluminio laminados y suministrados en bobina, fleje, rect\u00e1ngulo, trapecio u otra forma geom\u00e9trica plana.&#13;\n&#13;\nNo pueden utilizarse m\u00e1s que aquellos proveedores homologados por nuestros clientes, en el caso de que no estuviera as\u00ed definido tomamos como tales la lista de proveedores autorizada por el Grupo Mercedes Benz.&#13;\n&#13;\nNo obstante, desde el Grupo IPM nos comprometemos a:&#13;\n&#13;\n&#8211; Solicitar a nuestros proveedores de acero y\/o aluminio que nos indiquen, expresamente que las materias primas que utilizan para elaborar nuestras bobinas no usen sus procesos de fundici\u00f3n materiales de zonas procedentes de conflictos b\u00e9licos o en las que se violen con especial crudeza los derechos humanos, en especial de los ni\u00f1os y las mujeres.&#13;\n<ul>&#13;\n \t<li>De trabajar en contra de la corrupci\u00f3n y todas sus formas, incluyendo extorsi\u00f3n y soborno.<\/li>&#13;\n<\/ul>&#13;\nConforme al d\u00e9cimo principio del Pacto Mundial de la ONU, el Grupo est\u00e1 comprometido a luchar contra cualquier tipo de soborno, extorsi\u00f3n y\/o conducta corrupta por parte de cualquier persona que tenga relaci\u00f3n con el Grupo. En especial: los delitos de insolvencia punible, ofrecimiento o aceptaci\u00f3n de cualesquiera pagos indebidos y\/o sobornos a cargos y entidades p\u00fablicas o privadas.&#13;\n<ul>&#13;\n \t<li>Con la privacidad, protecci\u00f3n de datos personales contra accesos no autorizados, as\u00ed como cumplimiento de las leyes y normativas sobre seguridad de la informaci\u00f3n (Reglamento General de Protecci\u00f3n de Datos).<\/li>&#13;\n<\/ul>&#13;\nDurante los \u00faltimos dos a\u00f1os, en todas las plantas del Grupo se han realizado modificaciones tanto en la ciberseguridad como en la seguridad de la informaci\u00f3n f\u00edsica en las instalaciones (redes de comunicaci\u00f3n seguras, archivo de documentos confidenciales\u2026) cumpliendo as\u00ed con el est\u00e1ndar de seguridad TISAX (Trusted Information Security Assessment Exchange). Este modelo de seguridad cumple con los requisitos fundamentales de la norma ISO 27001, siendo posible su alineaci\u00f3n con otros sistemas de gesti\u00f3n ISO que el Grupo ya cumple como la ISO 9001, de la gesti\u00f3n de la calidad.&#13;\n&#13;\nCon el cumplimiento del est\u00e1ndar y la certificaci\u00f3n TISAX el Grupo garantiza la protecci\u00f3n de la seguridad de la informaci\u00f3n.&#13;\n<ul>&#13;\n \t<li>Con la responsabilidad financiera: todos los acuerdos comerciales se ejecutan de forma transparente y as\u00ed se reflejan en los informes financieros de la compa\u00f1\u00eda.<\/li>&#13;\n \t<li>Con la divulgaci\u00f3n de la informaci\u00f3n financiera y no financiera seg\u00fan las leyes que aplican y seg\u00fan las pr\u00e1cticas empresariales predominantes.<\/li>&#13;\n \t<li>De ser garantes de la libre competencia y cumplir con las normas antidumping y antitrust vigentes en la UE, independientemente de su localizaci\u00f3n geogr\u00e1fica, teniendo especial cuidado en:<\/li>&#13;\n<\/ul>&#13;\n&#8211; Fijaci\u00f3n de precios a la manera de los c\u00e1rteles.&#13;\n&#13;\n&#8211; Reparto del mercado.&#13;\n&#13;\n&#8211; Acuerdos sobre asignaci\u00f3n a clientes.&#13;\n&#13;\n&#8211; Acuerdos sobre la limitaci\u00f3n de la producci\u00f3n.&#13;\n&#13;\n&#8211; Acuerdos de distribuci\u00f3n entre proveedores y revendedores cuando, por ejemplo, los precios cobrados a los clientes sean impuestos por el proveedor.&#13;\n<ul>&#13;\n \t<li>Con pr\u00e1cticas empresariales que eviten aparici\u00f3n de conflicto de intereses.<\/li>&#13;\n<\/ul>&#13;\nCada colaborador puede encontrarse en situaciones en las que su inter\u00e9s personal, o el de las personas f\u00edsicas con las que mantiene relaciones, entren en contradicci\u00f3n con el inter\u00e9s del Grupo.&#13;\n&#13;\nSi se produce esta situaci\u00f3n, el colaborador tiene que analizarla teniendo en cuenta siempre su deber de lealtad hacia el Grupo. En caso de duda, debe consultar con su superior o con el Responsable de Cumplimiento, quien lo analizar\u00e1 y derivar\u00e1 a la Comisi\u00f3n de Auditor\u00eda y Cumplimiento en su caso. Para no encontrarse en situaci\u00f3n de conflicto de intereses con el Grupo, cada colaborador debe evitar:&#13;\n&#13;\n&#8211; Tener intereses en la sociedad de un competidor, proveedor o cliente, salvo previa autorizaci\u00f3n escrita, o si la operaci\u00f3n se efect\u00faa con t\u00edtulos valores cotizados sin utilizaci\u00f3n de informaciones privilegiadas.&#13;\n&#13;\n&#8211; Cualquier actividad profesional fuera del Grupo, salvo previa autorizaci\u00f3n escrita (para los colaboradores que tienen un contrato de trabajo a tiempo completo).&#13;\n<ul>&#13;\n \t<li>Con la limitaci\u00f3n de riesgos de introducir piezas y materiales falsos.<\/li>&#13;\n \t<li>Con la propiedad intelectual y con la protecci\u00f3n de la transferencia de tecnolog\u00eda confidencial y del know-how.<\/li>&#13;\n<\/ul>&#13;\nEl Know-how del Grupo, datos financieros, de personal, negociaciones de precios de compra y venta con proveedores y clientes, etc.\u2026, forman parte de la informaci\u00f3n que tratamos a diario. Por ello la seguridad de la informaci\u00f3n y comunicaciones y la ciberseguridad se integran en los diferentes procesos de an\u00e1lisis de riesgos que el Grupo realiza peri\u00f3dicamente. Gracias a estos se detectan posibles brechas en la seguridad o posibles mejoras, lo que permite que se realicen progresos continuos en la seguridad inform\u00e1tica y de la informaci\u00f3n (redes de comunicaci\u00f3n, archivo de documentos confidenciales\u2026)&#13;\n<ul>&#13;\n \t<li>Con la protecci\u00f3n de la identidad y en contra de posibles represalias, creando procesos que permitan que se informe de forma an\u00f3nima y confidencial.<\/li>&#13;\n<\/ul>&#13;\n[\/vc_column_text][\/vc_column][\/vc_row]","protected":false},"excerpt":{"rendered":"<p>[vc_row type=&#8221;in_container&#8221; full_screen_row_position=&#8221;middle&#8221; column_margin=&#8221;default&#8221; column_direction=&#8221;default&#8221; column_direction_tablet=&#8221;default&#8221; column_direction_phone=&#8221;default&#8221; scene_position=&#8221;center&#8221; text_color=&#8221;dark&#8221; text_align=&#8221;left&#8221; row_border_radius=&#8221;none&#8221; row_border_radius_applies=&#8221;bg&#8221; overflow=&#8221;visible&#8221; overlay_strength=&#8221;0.3&#8243; gradient_direction=&#8221;left_to_right&#8221; shape_divider_position=&#8221;bottom&#8221; bg_image_animation=&#8221;none&#8221;][vc_column column_padding=&#8221;no-extra-padding&#8221; column_padding_tablet=&#8221;inherit&#8221; column_padding_phone=&#8221;inherit&#8221; column_padding_position=&#8221;all&#8221; column_element_direction_desktop=&#8221;default&#8221; column_element_spacing=&#8221;default&#8221; desktop_text_alignment=&#8221;default&#8221; tablet_text_alignment=&#8221;default&#8221; phone_text_alignment=&#8221;default&#8221; background_color_opacity=&#8221;1&#8243; background_hover_color_opacity=&#8221;1&#8243; column_backdrop_filter=&#8221;none&#8221; column_shadow=&#8221;none&#8221;&#8230;<\/p>\n","protected":false},"author":1,"featured_media":1571,"parent":0,"menu_order":0,"comment_status":"closed","ping_status":"closed","template":"","meta":{"om_disable_all_campaigns":false,"_monsterinsights_skip_tracking":false,"_monsterinsights_sitenote_active":false,"_monsterinsights_sitenote_note":"","_monsterinsights_sitenote_category":0,"footnotes":""},"class_list":["post-1833","page","type-page","status-publish","has-post-thumbnail"],"aioseo_notices":[],"_links":{"self":[{"href":"https:\/\/rubiautomotive.com\/en\/wp-json\/wp\/v2\/pages\/1833","targetHints":{"allow":["GET"]}}],"collection":[{"href":"https:\/\/rubiautomotive.com\/en\/wp-json\/wp\/v2\/pages"}],"about":[{"href":"https:\/\/rubiautomotive.com\/en\/wp-json\/wp\/v2\/types\/page"}],"author":[{"embeddable":true,"href":"https:\/\/rubiautomotive.com\/en\/wp-json\/wp\/v2\/users\/1"}],"replies":[{"embeddable":true,"href":"https:\/\/rubiautomotive.com\/en\/wp-json\/wp\/v2\/comments?post=1833"}],"version-history":[{"count":1,"href":"https:\/\/rubiautomotive.com\/en\/wp-json\/wp\/v2\/pages\/1833\/revisions"}],"predecessor-version":[{"id":1834,"href":"https:\/\/rubiautomotive.com\/en\/wp-json\/wp\/v2\/pages\/1833\/revisions\/1834"}],"wp:featuredmedia":[{"embeddable":true,"href":"https:\/\/rubiautomotive.com\/en\/wp-json\/wp\/v2\/media\/1571"}],"wp:attachment":[{"href":"https:\/\/rubiautomotive.com\/en\/wp-json\/wp\/v2\/media?parent=1833"}],"curies":[{"name":"wp","href":"https:\/\/api.w.org\/{rel}","templated":true}]}}